{"id":35,"date":"2021-01-19T08:01:27","date_gmt":"2021-01-19T08:01:27","guid":{"rendered":"https:\/\/oolharoftalmologia.com.br\/index.php\/home\/"},"modified":"2025-01-16T14:48:31","modified_gmt":"2025-01-16T17:48:31","slug":"home","status":"publish","type":"page","link":"https:\/\/oolharoftalmologia.com.br\/","title":{"rendered":"Home"},"content":{"rendered":"\t\t<div data-elementor-type=\"wp-page\" data-elementor-id=\"35\" class=\"elementor elementor-35\" data-elementor-settings=\"[]\">\n\t\t\t\t\t\t\t<div class=\"elementor-section-wrap\">\n\t\t\t\t\t\t\t<section class=\"elementor-section elementor-top-section elementor-element elementor-element-0123579 elementor-section-boxed elementor-section-height-default elementor-section-height-default\" data-id=\"0123579\" data-element_type=\"section\" data-settings=\"{&quot;background_background&quot;:&quot;classic&quot;}\">\n\t\t\t\t\t\t<div class=\"elementor-container elementor-column-gap-no\">\n\t\t\t\t\t<div class=\"elementor-column elementor-col-100 elementor-top-column elementor-element elementor-element-84a1951\" data-id=\"84a1951\" data-element_type=\"column\">\n\t\t\t<div class=\"elementor-widget-wrap elementor-element-populated\">\n\t\t\t\t\t\t\t\t<div class=\"elementor-element elementor-element-caf3118 elementor-widget elementor-widget-heading\" data-id=\"caf3118\" data-element_type=\"widget\" data-widget_type=\"heading.default\">\n\t\t\t\t<div class=\"elementor-widget-container\">\n\t\t\t<h2 class=\"elementor-heading-title elementor-size-default\">O Olhar que voc\u00ea precisa<\/h2>\t\t<\/div>\n\t\t\t\t<\/div>\n\t\t\t\t<div class=\"elementor-element elementor-element-b6b9f74 elementor-widget elementor-widget-text-editor\" data-id=\"b6b9f74\" data-element_type=\"widget\" data-widget_type=\"text-editor.default\">\n\t\t\t\t<div class=\"elementor-widget-container\">\n\t\t\t\t\t\t\t<p>Cuide de sua sa\u00fade ocular com o olhar dos melhores profissionais!<\/p>\t\t\t\t\t\t<\/div>\n\t\t\t\t<\/div>\n\t\t\t\t\t<\/div>\n\t\t<\/div>\n\t\t\t\t\t\t\t<\/div>\n\t\t<\/section>\n\t\t\t\t<section class=\"elementor-section elementor-top-section elementor-element elementor-element-86017dc elementor-section-boxed elementor-section-height-default elementor-section-height-default\" data-id=\"86017dc\" data-element_type=\"section\" data-settings=\"{&quot;background_background&quot;:&quot;classic&quot;}\">\n\t\t\t\t\t\t<div class=\"elementor-container elementor-column-gap-no\">\n\t\t\t\t\t<div class=\"elementor-column elementor-col-100 elementor-top-column elementor-element elementor-element-19c4ea9\" data-id=\"19c4ea9\" data-element_type=\"column\">\n\t\t\t<div class=\"elementor-widget-wrap elementor-element-populated\">\n\t\t\t\t\t\t\t\t<section class=\"elementor-section elementor-inner-section elementor-element elementor-element-1b8801c elementor-section-content-bottom elementor-section-boxed elementor-section-height-default elementor-section-height-default\" data-id=\"1b8801c\" data-element_type=\"section\">\n\t\t\t\t\t\t<div class=\"elementor-container elementor-column-gap-no\">\n\t\t\t\t\t<div class=\"elementor-column elementor-col-100 elementor-inner-column elementor-element elementor-element-b9d54c6\" data-id=\"b9d54c6\" data-element_type=\"column\">\n\t\t\t<div class=\"elementor-widget-wrap elementor-element-populated\">\n\t\t\t\t\t\t\t\t<div class=\"elementor-element elementor-element-0e4ee1d elementor-widget-divider--view-line elementor-widget elementor-widget-divider\" data-id=\"0e4ee1d\" data-element_type=\"widget\" data-widget_type=\"divider.default\">\n\t\t\t\t<div class=\"elementor-widget-container\">\n\t\t\t\t\t<div class=\"elementor-divider\">\n\t\t\t<span class=\"elementor-divider-separator\">\n\t\t\t\t\t\t<\/span>\n\t\t<\/div>\n\t\t\t\t<\/div>\n\t\t\t\t<\/div>\n\t\t\t\t<div class=\"elementor-element elementor-element-f07f047 elementor-widget elementor-widget-heading\" data-id=\"f07f047\" data-element_type=\"widget\" data-widget_type=\"heading.default\">\n\t\t\t\t<div class=\"elementor-widget-container\">\n\t\t\t<h2 class=\"elementor-heading-title elementor-size-default\">Especialidades<\/h2>\t\t<\/div>\n\t\t\t\t<\/div>\n\t\t\t\t\t<\/div>\n\t\t<\/div>\n\t\t\t\t\t\t\t<\/div>\n\t\t<\/section>\n\t\t\t\t<section class=\"elementor-section elementor-inner-section elementor-element elementor-element-14d24db elementor-section-boxed elementor-section-height-default elementor-section-height-default\" data-id=\"14d24db\" data-element_type=\"section\">\n\t\t\t\t\t\t<div class=\"elementor-container elementor-column-gap-no\">\n\t\t\t\t\t<div class=\"elementor-column elementor-col-33 elementor-inner-column elementor-element elementor-element-45ca856\" data-id=\"45ca856\" data-element_type=\"column\" data-settings=\"{&quot;background_background&quot;:&quot;classic&quot;}\">\n\t\t\t<div class=\"elementor-widget-wrap elementor-element-populated\">\n\t\t\t\t\t\t\t\t<div class=\"elementor-element elementor-element-a28fae1 elementor-widget elementor-widget-image\" data-id=\"a28fae1\" data-element_type=\"widget\" data-widget_type=\"image.default\">\n\t\t\t\t<div class=\"elementor-widget-container\">\n\t\t\t\t\t\t\t\t\t\t\t\t\t\t\t<img width=\"2000\" height=\"1335\" src=\"https:\/\/oolharoftalmologia.com.br\/wp-content\/uploads\/2021\/11\/gy-concept1.jpg\" class=\"attachment-full size-full\" alt=\"\" loading=\"lazy\" srcset=\"https:\/\/oolharoftalmologia.com.br\/wp-content\/uploads\/2021\/11\/gy-concept1.jpg 2000w, https:\/\/oolharoftalmologia.com.br\/wp-content\/uploads\/2021\/11\/gy-concept1-300x200.jpg 300w, https:\/\/oolharoftalmologia.com.br\/wp-content\/uploads\/2021\/11\/gy-concept1-1024x684.jpg 1024w, https:\/\/oolharoftalmologia.com.br\/wp-content\/uploads\/2021\/11\/gy-concept1-768x513.jpg 768w, https:\/\/oolharoftalmologia.com.br\/wp-content\/uploads\/2021\/11\/gy-concept1-1536x1025.jpg 1536w\" sizes=\"(max-width: 2000px) 100vw, 2000px\" \/>\t\t\t\t\t\t\t\t\t\t\t\t\t\t\t<\/div>\n\t\t\t\t<\/div>\n\t\t\t\t<div class=\"elementor-element elementor-element-27575e8 elementor-widget elementor-widget-heading\" data-id=\"27575e8\" data-element_type=\"widget\" data-widget_type=\"heading.default\">\n\t\t\t\t<div class=\"elementor-widget-container\">\n\t\t\t<h4 class=\"elementor-heading-title elementor-size-default\">Checkups<\/h4>\t\t<\/div>\n\t\t\t\t<\/div>\n\t\t\t\t<div class=\"elementor-element elementor-element-1a3375e elementor-widget elementor-widget-text-editor\" data-id=\"1a3375e\" data-element_type=\"widget\" data-widget_type=\"text-editor.default\">\n\t\t\t\t<div class=\"elementor-widget-container\">\n\t\t\t\t\t\t\t<p>Agende e fa\u00e7a um checkup de rotina, retina, catarata e glaucoma.<\/p>\t\t\t\t\t\t<\/div>\n\t\t\t\t<\/div>\n\t\t\t\t<div class=\"elementor-element elementor-element-fa9b7bb elementor-widget elementor-widget-button\" data-id=\"fa9b7bb\" data-element_type=\"widget\" data-widget_type=\"button.default\">\n\t\t\t\t<div class=\"elementor-widget-container\">\n\t\t\t\t\t<div class=\"elementor-button-wrapper\">\n\t\t\t<a href=\"https:\/\/oolharoftalmologia.com.br\/index.php\/checkups\/\" class=\"elementor-button-link elementor-button elementor-size-sm\" role=\"button\">\n\t\t\t\t\t\t<span class=\"elementor-button-content-wrapper\">\n\t\t\t\t\t\t<span class=\"elementor-button-icon elementor-align-icon-right\">\n\t\t\t\t<i aria-hidden=\"true\" class=\"fas fa-long-arrow-alt-right\"><\/i>\t\t\t<\/span>\n\t\t\t\t\t\t<span class=\"elementor-button-text\">Acessar<\/span>\n\t\t<\/span>\n\t\t\t\t\t<\/a>\n\t\t<\/div>\n\t\t\t\t<\/div>\n\t\t\t\t<\/div>\n\t\t\t\t\t<\/div>\n\t\t<\/div>\n\t\t\t\t<div class=\"elementor-column elementor-col-33 elementor-inner-column elementor-element elementor-element-a88994a\" data-id=\"a88994a\" data-element_type=\"column\" data-settings=\"{&quot;background_background&quot;:&quot;classic&quot;}\">\n\t\t\t<div class=\"elementor-widget-wrap elementor-element-populated\">\n\t\t\t\t\t\t\t\t<div class=\"elementor-element elementor-element-1081e7b elementor-widget elementor-widget-image\" data-id=\"1081e7b\" data-element_type=\"widget\" data-widget_type=\"image.default\">\n\t\t\t\t<div class=\"elementor-widget-container\">\n\t\t\t\t\t\t\t\t\t\t\t\t\t\t\t<img width=\"2000\" height=\"1334\" src=\"https:\/\/oolharoftalmologia.com.br\/wp-content\/uploads\/2021\/11\/young-girl-eyes-consult1.jpg\" class=\"attachment-full size-full\" alt=\"\" loading=\"lazy\" srcset=\"https:\/\/oolharoftalmologia.com.br\/wp-content\/uploads\/2021\/11\/young-girl-eyes-consult1.jpg 2000w, https:\/\/oolharoftalmologia.com.br\/wp-content\/uploads\/2021\/11\/young-girl-eyes-consult1-300x200.jpg 300w, https:\/\/oolharoftalmologia.com.br\/wp-content\/uploads\/2021\/11\/young-girl-eyes-consult1-1024x683.jpg 1024w, https:\/\/oolharoftalmologia.com.br\/wp-content\/uploads\/2021\/11\/young-girl-eyes-consult1-768x512.jpg 768w, https:\/\/oolharoftalmologia.com.br\/wp-content\/uploads\/2021\/11\/young-girl-eyes-consult1-1536x1025.jpg 1536w\" sizes=\"(max-width: 2000px) 100vw, 2000px\" \/>\t\t\t\t\t\t\t\t\t\t\t\t\t\t\t<\/div>\n\t\t\t\t<\/div>\n\t\t\t\t<div class=\"elementor-element elementor-element-f7f27a9 elementor-widget elementor-widget-heading\" data-id=\"f7f27a9\" data-element_type=\"widget\" data-widget_type=\"heading.default\">\n\t\t\t\t<div class=\"elementor-widget-container\">\n\t\t\t<h4 class=\"elementor-heading-title elementor-size-default\">Exames | Procedimentos<\/h4>\t\t<\/div>\n\t\t\t\t<\/div>\n\t\t\t\t<div class=\"elementor-element elementor-element-302435a elementor-widget elementor-widget-text-editor\" data-id=\"302435a\" data-element_type=\"widget\" data-widget_type=\"text-editor.default\">\n\t\t\t\t<div class=\"elementor-widget-container\">\n\t\t\t\t\t\t\t<p>Consulte nossas op\u00e7\u00f5es de exames e procedimentos dispon\u00edveis.<\/p>\t\t\t\t\t\t<\/div>\n\t\t\t\t<\/div>\n\t\t\t\t<div class=\"elementor-element elementor-element-7b5d517 elementor-widget elementor-widget-button\" data-id=\"7b5d517\" data-element_type=\"widget\" data-widget_type=\"button.default\">\n\t\t\t\t<div class=\"elementor-widget-container\">\n\t\t\t\t\t<div class=\"elementor-button-wrapper\">\n\t\t\t<a href=\"https:\/\/oolharoftalmologia.com.br\/index.php\/exames-teste\/\" class=\"elementor-button-link elementor-button elementor-size-sm\" role=\"button\">\n\t\t\t\t\t\t<span class=\"elementor-button-content-wrapper\">\n\t\t\t\t\t\t<span class=\"elementor-button-icon elementor-align-icon-right\">\n\t\t\t\t<i aria-hidden=\"true\" class=\"fas fa-long-arrow-alt-right\"><\/i>\t\t\t<\/span>\n\t\t\t\t\t\t<span class=\"elementor-button-text\">Acessar<\/span>\n\t\t<\/span>\n\t\t\t\t\t<\/a>\n\t\t<\/div>\n\t\t\t\t<\/div>\n\t\t\t\t<\/div>\n\t\t\t\t\t<\/div>\n\t\t<\/div>\n\t\t\t\t<div class=\"elementor-column elementor-col-33 elementor-inner-column elementor-element elementor-element-db653a8\" data-id=\"db653a8\" data-element_type=\"column\" data-settings=\"{&quot;background_background&quot;:&quot;classic&quot;}\">\n\t\t\t<div class=\"elementor-widget-wrap elementor-element-populated\">\n\t\t\t\t\t\t\t\t<div class=\"elementor-element elementor-element-79416b9 elementor-widget elementor-widget-image\" data-id=\"79416b9\" data-element_type=\"widget\" data-widget_type=\"image.default\">\n\t\t\t\t<div class=\"elementor-widget-container\">\n\t\t\t\t\t\t\t\t\t\t\t\t\t\t\t<img width=\"2048\" height=\"1365\" src=\"https:\/\/oolharoftalmologia.com.br\/wp-content\/uploads\/2021\/11\/best-thank-you-gifts-for-surgeons.jpg\" class=\"attachment-full size-full\" alt=\"\" loading=\"lazy\" srcset=\"https:\/\/oolharoftalmologia.com.br\/wp-content\/uploads\/2021\/11\/best-thank-you-gifts-for-surgeons.jpg 2048w, https:\/\/oolharoftalmologia.com.br\/wp-content\/uploads\/2021\/11\/best-thank-you-gifts-for-surgeons-300x200.jpg 300w, https:\/\/oolharoftalmologia.com.br\/wp-content\/uploads\/2021\/11\/best-thank-you-gifts-for-surgeons-1024x683.jpg 1024w, https:\/\/oolharoftalmologia.com.br\/wp-content\/uploads\/2021\/11\/best-thank-you-gifts-for-surgeons-768x512.jpg 768w, https:\/\/oolharoftalmologia.com.br\/wp-content\/uploads\/2021\/11\/best-thank-you-gifts-for-surgeons-1536x1024.jpg 1536w\" sizes=\"(max-width: 2048px) 100vw, 2048px\" \/>\t\t\t\t\t\t\t\t\t\t\t\t\t\t\t<\/div>\n\t\t\t\t<\/div>\n\t\t\t\t<div class=\"elementor-element elementor-element-4f2995d elementor-widget elementor-widget-heading\" data-id=\"4f2995d\" data-element_type=\"widget\" data-widget_type=\"heading.default\">\n\t\t\t\t<div class=\"elementor-widget-container\">\n\t\t\t<h4 class=\"elementor-heading-title elementor-size-default\">Cirurgias<\/h4>\t\t<\/div>\n\t\t\t\t<\/div>\n\t\t\t\t<div class=\"elementor-element elementor-element-37ac4e0 elementor-widget elementor-widget-text-editor\" data-id=\"37ac4e0\" data-element_type=\"widget\" data-widget_type=\"text-editor.default\">\n\t\t\t\t<div class=\"elementor-widget-container\">\n\t\t\t\t\t\t\t<p>Consulte nossas op\u00e7\u00f5es de tratamentos cir\u00fargicos.<\/p>\t\t\t\t\t\t<\/div>\n\t\t\t\t<\/div>\n\t\t\t\t<div class=\"elementor-element elementor-element-d20a755 elementor-widget elementor-widget-button\" data-id=\"d20a755\" data-element_type=\"widget\" data-widget_type=\"button.default\">\n\t\t\t\t<div class=\"elementor-widget-container\">\n\t\t\t\t\t<div class=\"elementor-button-wrapper\">\n\t\t\t<a href=\"https:\/\/oolharoftalmologia.com.br\/index.php\/cirurgias\" class=\"elementor-button-link elementor-button elementor-size-sm\" role=\"button\">\n\t\t\t\t\t\t<span class=\"elementor-button-content-wrapper\">\n\t\t\t\t\t\t<span class=\"elementor-button-icon elementor-align-icon-right\">\n\t\t\t\t<i aria-hidden=\"true\" class=\"fas fa-long-arrow-alt-right\"><\/i>\t\t\t<\/span>\n\t\t\t\t\t\t<span class=\"elementor-button-text\">Acessar<\/span>\n\t\t<\/span>\n\t\t\t\t\t<\/a>\n\t\t<\/div>\n\t\t\t\t<\/div>\n\t\t\t\t<\/div>\n\t\t\t\t\t<\/div>\n\t\t<\/div>\n\t\t\t\t\t\t\t<\/div>\n\t\t<\/section>\n\t\t\t\t\t<\/div>\n\t\t<\/div>\n\t\t\t\t\t\t\t<\/div>\n\t\t<\/section>\n\t\t\t\t<section class=\"elementor-section elementor-top-section elementor-element elementor-element-8f110d2 elementor-section-boxed elementor-section-height-default elementor-section-height-default\" data-id=\"8f110d2\" data-element_type=\"section\" data-settings=\"{&quot;background_background&quot;:&quot;classic&quot;}\">\n\t\t\t\t\t\t<div class=\"elementor-container elementor-column-gap-no\">\n\t\t\t\t\t<div class=\"elementor-column elementor-col-50 elementor-top-column elementor-element elementor-element-f649a13\" data-id=\"f649a13\" data-element_type=\"column\">\n\t\t\t<div class=\"elementor-widget-wrap elementor-element-populated\">\n\t\t\t\t\t\t\t\t<div class=\"elementor-element elementor-element-90b41dd elementor-widget elementor-widget-heading\" data-id=\"90b41dd\" data-element_type=\"widget\" data-widget_type=\"heading.default\">\n\t\t\t\t<div class=\"elementor-widget-container\">\n\t\t\t<h2 class=\"elementor-heading-title elementor-size-default\">Equipe<\/h2>\t\t<\/div>\n\t\t\t\t<\/div>\n\t\t\t\t<div class=\"elementor-element elementor-element-294e449 elementor-widget elementor-widget-text-editor\" data-id=\"294e449\" data-element_type=\"widget\" data-widget_type=\"text-editor.default\">\n\t\t\t\t<div class=\"elementor-widget-container\">\n\t\t\t\t\t\t\t<p style=\"text-align: center;\"><span style=\"color: #333333; font-family: 'Helvetica Neue', Helvetica, Arial, sans-serif; font-size: 14px; font-weight: 400;\">Unidade preparada para atender a sua necessidade em consultas, exames e cirurgias, com m\u00e9dicos dedicados e experientes.<\/span><\/p>\t\t\t\t\t\t<\/div>\n\t\t\t\t<\/div>\n\t\t\t\t<div class=\"elementor-element elementor-element-6f1aa5a elementor-widget elementor-widget-image\" data-id=\"6f1aa5a\" data-element_type=\"widget\" data-widget_type=\"image.default\">\n\t\t\t\t<div class=\"elementor-widget-container\">\n\t\t\t\t\t\t\t\t\t\t\t\t\t\t\t<img width=\"768\" height=\"403\" src=\"https:\/\/oolharoftalmologia.com.br\/wp-content\/uploads\/2022\/03\/1Nosso-time-esta-de-bracos-abertos-p-cuidar-da-sua-visao.jpg\" class=\"attachment-2048x2048 size-2048x2048\" alt=\"\" loading=\"lazy\" srcset=\"https:\/\/oolharoftalmologia.com.br\/wp-content\/uploads\/2022\/03\/1Nosso-time-esta-de-bracos-abertos-p-cuidar-da-sua-visao.jpg 768w, https:\/\/oolharoftalmologia.com.br\/wp-content\/uploads\/2022\/03\/1Nosso-time-esta-de-bracos-abertos-p-cuidar-da-sua-visao-300x157.jpg 300w\" sizes=\"(max-width: 768px) 100vw, 768px\" \/>\t\t\t\t\t\t\t\t\t\t\t\t\t\t\t<\/div>\n\t\t\t\t<\/div>\n\t\t\t\t\t<\/div>\n\t\t<\/div>\n\t\t\t\t<div class=\"elementor-column elementor-col-50 elementor-top-column elementor-element elementor-element-cfa3563\" data-id=\"cfa3563\" data-element_type=\"column\">\n\t\t\t<div class=\"elementor-widget-wrap elementor-element-populated\">\n\t\t\t\t\t\t\t\t<div class=\"elementor-element elementor-element-cfb1325 elementor-widget elementor-widget-heading\" data-id=\"cfb1325\" data-element_type=\"widget\" data-widget_type=\"heading.default\">\n\t\t\t\t<div class=\"elementor-widget-container\">\n\t\t\t<h2 class=\"elementor-heading-title elementor-size-default\">Olharnews<\/h2>\t\t<\/div>\n\t\t\t\t<\/div>\n\t\t\t\t<div class=\"elementor-element elementor-element-bc37dcc elementor-widget elementor-widget-text-editor\" data-id=\"bc37dcc\" data-element_type=\"widget\" data-widget_type=\"text-editor.default\">\n\t\t\t\t<div class=\"elementor-widget-container\">\n\t\t\t\t\t\t\t<p style=\"text-align: center;\"><span style=\"color: #333333; font-family: 'Helvetica Neue', Helvetica, Arial, sans-serif; font-size: 14px; font-weight: 400;\">Siga nossas dicas em nosso Blog Olharnews ou nos acompanhe no Instagram, Facebook ou Linkedin.<\/span><\/p>\t\t\t\t\t\t<\/div>\n\t\t\t\t<\/div>\n\t\t\t\t<div class=\"elementor-element elementor-element-6594b89 elementor-widget elementor-widget-image\" data-id=\"6594b89\" data-element_type=\"widget\" data-widget_type=\"image.default\">\n\t\t\t\t<div class=\"elementor-widget-container\">\n\t\t\t\t\t\t\t\t\t\t\t\t\t\t\t\t<a href=\"https:\/\/oolharoftalmologia.com.br\/index.php\/category\/novidades\/\">\n\t\t\t\t\t\t\t<img width=\"768\" height=\"505\" src=\"https:\/\/oolharoftalmologia.com.br\/wp-content\/uploads\/2022\/03\/273636604_130916572761851_4667978227159835934_n-768x505.jpg\" class=\"attachment-medium_large size-medium_large\" alt=\"\" loading=\"lazy\" srcset=\"https:\/\/oolharoftalmologia.com.br\/wp-content\/uploads\/2022\/03\/273636604_130916572761851_4667978227159835934_n-768x505.jpg 768w, https:\/\/oolharoftalmologia.com.br\/wp-content\/uploads\/2022\/03\/273636604_130916572761851_4667978227159835934_n-300x197.jpg 300w, https:\/\/oolharoftalmologia.com.br\/wp-content\/uploads\/2022\/03\/273636604_130916572761851_4667978227159835934_n-1024x673.jpg 1024w, https:\/\/oolharoftalmologia.com.br\/wp-content\/uploads\/2022\/03\/273636604_130916572761851_4667978227159835934_n-1536x1010.jpg 1536w, https:\/\/oolharoftalmologia.com.br\/wp-content\/uploads\/2022\/03\/273636604_130916572761851_4667978227159835934_n.jpg 1838w\" sizes=\"(max-width: 768px) 100vw, 768px\" \/>\t\t\t\t\t\t\t\t<\/a>\n\t\t\t\t\t\t\t\t\t\t\t\t\t\t\t<\/div>\n\t\t\t\t<\/div>\n\t\t\t\t\t<\/div>\n\t\t<\/div>\n\t\t\t\t\t\t\t<\/div>\n\t\t<\/section>\n\t\t\t\t\t\t<\/div>\n\t\t\t\t\t<\/div>\n\t\t","protected":false},"excerpt":{"rendered":"<p>O Olhar que voc\u00ea precisa Cuide de sua sa\u00fade ocular com o olhar dos melhores profissionais! Especialidades Checkups Agende e fa\u00e7a um checkup de rotina, retina, catarata e glaucoma. Acessar Exames | Procedimentos Consulte nossas op\u00e7\u00f5es de exames e procedimentos dispon\u00edveis. Acessar Cirurgias Consulte nossas op\u00e7\u00f5es de tratamentos cir\u00fargicos. Acessar Equipe Unidade preparada para atender &hellip;<\/p>\n<p class=\"read-more\"> <a class=\"\" href=\"https:\/\/oolharoftalmologia.com.br\/\"> <span class=\"screen-reader-text\">Home<\/span> Leia mais &raquo;<\/a><\/p>\n","protected":false},"author":1,"featured_media":0,"parent":0,"menu_order":0,"comment_status":"closed","ping_status":"closed","template":"","meta":{"om_disable_all_campaigns":false,"_monsterinsights_skip_tracking":false,"_monsterinsights_sitenote_active":false,"_monsterinsights_sitenote_note":"","_monsterinsights_sitenote_category":0,"site-sidebar-layout":"no-sidebar","site-content-layout":"page-builder","ast-main-header-display":"","ast-hfb-above-header-display":"","ast-hfb-below-header-display":"","ast-hfb-mobile-header-display":"","site-post-title":"disabled","ast-breadcrumbs-content":"disabled","ast-featured-img":"disabled","footer-sml-layout":"","theme-transparent-header-meta":"enabled","adv-header-id-meta":"","stick-header-meta":"","header-above-stick-meta":"","header-main-stick-meta":"","header-below-stick-meta":""},"_links":{"self":[{"href":"https:\/\/oolharoftalmologia.com.br\/index.php\/wp-json\/wp\/v2\/pages\/35"}],"collection":[{"href":"https:\/\/oolharoftalmologia.com.br\/index.php\/wp-json\/wp\/v2\/pages"}],"about":[{"href":"https:\/\/oolharoftalmologia.com.br\/index.php\/wp-json\/wp\/v2\/types\/page"}],"author":[{"embeddable":true,"href":"https:\/\/oolharoftalmologia.com.br\/index.php\/wp-json\/wp\/v2\/users\/1"}],"replies":[{"embeddable":true,"href":"https:\/\/oolharoftalmologia.com.br\/index.php\/wp-json\/wp\/v2\/comments?post=35"}],"version-history":[{"count":99,"href":"https:\/\/oolharoftalmologia.com.br\/index.php\/wp-json\/wp\/v2\/pages\/35\/revisions"}],"predecessor-version":[{"id":1190,"href":"https:\/\/oolharoftalmologia.com.br\/index.php\/wp-json\/wp\/v2\/pages\/35\/revisions\/1190"}],"wp:attachment":[{"href":"https:\/\/oolharoftalmologia.com.br\/index.php\/wp-json\/wp\/v2\/media?parent=35"}],"curies":[{"name":"wp","href":"https:\/\/api.w.org\/{rel}","templated":true}]}}