{"id":705,"date":"2021-11-20T01:30:23","date_gmt":"2021-11-20T04:30:23","guid":{"rendered":"https:\/\/oolharoftalmologia.com.br\/?page_id=705"},"modified":"2022-03-13T18:40:18","modified_gmt":"2022-03-13T21:40:18","slug":"procedimentos","status":"publish","type":"page","link":"https:\/\/oolharoftalmologia.com.br\/index.php\/procedimentos\/","title":{"rendered":"Procedimentos"},"content":{"rendered":"\t\t<div data-elementor-type=\"wp-page\" data-elementor-id=\"705\" class=\"elementor elementor-705\" data-elementor-settings=\"[]\">\n\t\t\t\t\t\t\t<div class=\"elementor-section-wrap\">\n\t\t\t\t\t\t\t<section class=\"elementor-section elementor-top-section elementor-element elementor-element-18263dd elementor-section-boxed elementor-section-height-default elementor-section-height-default\" data-id=\"18263dd\" data-element_type=\"section\">\n\t\t\t\t\t\t<div class=\"elementor-container elementor-column-gap-default\">\n\t\t\t\t\t<div class=\"elementor-column elementor-col-50 elementor-top-column elementor-element elementor-element-1dc6970\" data-id=\"1dc6970\" data-element_type=\"column\">\n\t\t\t<div class=\"elementor-widget-wrap elementor-element-populated\">\n\t\t\t\t\t\t\t\t<div class=\"elementor-element elementor-element-584e8a9 elementor-widget elementor-widget-image\" data-id=\"584e8a9\" data-element_type=\"widget\" data-widget_type=\"image.default\">\n\t\t\t\t<div class=\"elementor-widget-container\">\n\t\t\t\t\t\t\t\t\t\t\t\t\t\t\t<img src=\"https:\/\/oolharoftalmologia.com.br\/wp-content\/uploads\/2022\/02\/2c53d3d8-7e28-455f-a4eb-368b72a451d8.jpg\" title=\"2c53d3d8-7e28-455f-a4eb-368b72a451d8\" alt=\"2c53d3d8-7e28-455f-a4eb-368b72a451d8\" \/>\t\t\t\t\t\t\t\t\t\t\t\t\t\t\t<\/div>\n\t\t\t\t<\/div>\n\t\t\t\t\t<\/div>\n\t\t<\/div>\n\t\t\t\t<div class=\"elementor-column elementor-col-50 elementor-top-column elementor-element elementor-element-665fece\" data-id=\"665fece\" data-element_type=\"column\">\n\t\t\t<div class=\"elementor-widget-wrap elementor-element-populated\">\n\t\t\t\t\t\t\t\t<div class=\"elementor-element elementor-element-c01e1c6 elementor-widget elementor-widget-heading\" data-id=\"c01e1c6\" data-element_type=\"widget\" data-widget_type=\"heading.default\">\n\t\t\t\t<div class=\"elementor-widget-container\">\n\t\t\t<h3 class=\"elementor-heading-title elementor-size-default\">Procedimentos<\/h3>\t\t<\/div>\n\t\t\t\t<\/div>\n\t\t\t\t<div class=\"elementor-element elementor-element-e3068fa elementor-widget elementor-widget-text-editor\" data-id=\"e3068fa\" data-element_type=\"widget\" data-widget_type=\"text-editor.default\">\n\t\t\t\t<div class=\"elementor-widget-container\">\n\t\t\t\t\t\t\t<p>&#8211; Capsulotomia Yag laser<br \/>&#8211; Teste de adapta\u00e7\u00e3o de lentes de contato<br \/>&#8211; Fotocoagula\u00e7\u00e3o a laser<br \/>&#8211; Iridectomia<br \/>&#8211; Sondagem de vias lacrimais<br \/>&#8211; Epila\u00e7\u00e3o de c\u00edlio a laser<br \/>&#8211; Trabeculoplastia a laser<\/p>\t\t\t\t\t\t<\/div>\n\t\t\t\t<\/div>\n\t\t\t\t\t<\/div>\n\t\t<\/div>\n\t\t\t\t\t\t\t<\/div>\n\t\t<\/section>\n\t\t\t\t\t\t<\/div>\n\t\t\t\t\t<\/div>\n\t\t","protected":false},"excerpt":{"rendered":"<p>Procedimentos &#8211; Capsulotomia Yag laser&#8211; Teste de adapta\u00e7\u00e3o de lentes de contato&#8211; Fotocoagula\u00e7\u00e3o a laser&#8211; Iridectomia&#8211; Sondagem de vias lacrimais&#8211; Epila\u00e7\u00e3o de c\u00edlio a laser&#8211; Trabeculoplastia a laser<\/p>\n","protected":false},"author":1,"featured_media":0,"parent":0,"menu_order":0,"comment_status":"closed","ping_status":"closed","template":"","meta":{"om_disable_all_campaigns":false,"_monsterinsights_skip_tracking":false,"_monsterinsights_sitenote_active":false,"_monsterinsights_sitenote_note":"","_monsterinsights_sitenote_category":0,"site-sidebar-layout":"no-sidebar","site-content-layout":"page-builder","ast-main-header-display":"","ast-hfb-above-header-display":"","ast-hfb-below-header-display":"","ast-hfb-mobile-header-display":"","site-post-title":"disabled","ast-breadcrumbs-content":"","ast-featured-img":"disabled","footer-sml-layout":"","theme-transparent-header-meta":"","adv-header-id-meta":"","stick-header-meta":"","header-above-stick-meta":"","header-main-stick-meta":"","header-below-stick-meta":""},"_links":{"self":[{"href":"https:\/\/oolharoftalmologia.com.br\/index.php\/wp-json\/wp\/v2\/pages\/705"}],"collection":[{"href":"https:\/\/oolharoftalmologia.com.br\/index.php\/wp-json\/wp\/v2\/pages"}],"about":[{"href":"https:\/\/oolharoftalmologia.com.br\/index.php\/wp-json\/wp\/v2\/types\/page"}],"author":[{"embeddable":true,"href":"https:\/\/oolharoftalmologia.com.br\/index.php\/wp-json\/wp\/v2\/users\/1"}],"replies":[{"embeddable":true,"href":"https:\/\/oolharoftalmologia.com.br\/index.php\/wp-json\/wp\/v2\/comments?post=705"}],"version-history":[{"count":10,"href":"https:\/\/oolharoftalmologia.com.br\/index.php\/wp-json\/wp\/v2\/pages\/705\/revisions"}],"predecessor-version":[{"id":936,"href":"https:\/\/oolharoftalmologia.com.br\/index.php\/wp-json\/wp\/v2\/pages\/705\/revisions\/936"}],"wp:attachment":[{"href":"https:\/\/oolharoftalmologia.com.br\/index.php\/wp-json\/wp\/v2\/media?parent=705"}],"curies":[{"name":"wp","href":"https:\/\/api.w.org\/{rel}","templated":true}]}}