{"id":873,"date":"2022-03-08T13:20:12","date_gmt":"2022-03-08T16:20:12","guid":{"rendered":"https:\/\/oolharoftalmologia.com.br\/?page_id=873"},"modified":"2022-03-13T18:40:42","modified_gmt":"2022-03-13T21:40:42","slug":"cirurgias","status":"publish","type":"page","link":"https:\/\/oolharoftalmologia.com.br\/index.php\/cirurgias\/","title":{"rendered":"Cirurgias"},"content":{"rendered":"\t\t<div data-elementor-type=\"wp-page\" data-elementor-id=\"873\" class=\"elementor elementor-873\" data-elementor-settings=\"[]\">\n\t\t\t\t\t\t\t<div class=\"elementor-section-wrap\">\n\t\t\t\t\t\t\t<section class=\"elementor-section elementor-top-section elementor-element elementor-element-e595580 elementor-section-boxed elementor-section-height-default elementor-section-height-default\" data-id=\"e595580\" data-element_type=\"section\">\n\t\t\t\t\t\t<div class=\"elementor-container elementor-column-gap-default\">\n\t\t\t\t\t<div class=\"elementor-column elementor-col-100 elementor-top-column elementor-element elementor-element-b9b1e69\" data-id=\"b9b1e69\" data-element_type=\"column\">\n\t\t\t<div class=\"elementor-widget-wrap\">\n\t\t\t\t\t\t\t\t\t<\/div>\n\t\t<\/div>\n\t\t\t\t\t\t\t<\/div>\n\t\t<\/section>\n\t\t\t\t<section class=\"elementor-section elementor-top-section elementor-element elementor-element-bd319db elementor-section-boxed elementor-section-height-default elementor-section-height-default\" data-id=\"bd319db\" data-element_type=\"section\">\n\t\t\t\t\t\t<div class=\"elementor-container elementor-column-gap-default\">\n\t\t\t\t\t<div class=\"elementor-column elementor-col-50 elementor-top-column elementor-element elementor-element-2fcaeec\" data-id=\"2fcaeec\" data-element_type=\"column\">\n\t\t\t<div class=\"elementor-widget-wrap elementor-element-populated\">\n\t\t\t\t\t\t\t\t<div class=\"elementor-element elementor-element-84e20c4 elementor-widget elementor-widget-image\" data-id=\"84e20c4\" data-element_type=\"widget\" data-widget_type=\"image.default\">\n\t\t\t\t<div class=\"elementor-widget-container\">\n\t\t\t\t\t\t\t\t\t\t\t\t\t\t\t<img width=\"1024\" height=\"683\" src=\"https:\/\/oolharoftalmologia.com.br\/wp-content\/uploads\/2021\/11\/best-thank-you-gifts-for-surgeons-1024x683.jpg\" class=\"attachment-large size-large\" alt=\"\" loading=\"lazy\" srcset=\"https:\/\/oolharoftalmologia.com.br\/wp-content\/uploads\/2021\/11\/best-thank-you-gifts-for-surgeons-1024x683.jpg 1024w, https:\/\/oolharoftalmologia.com.br\/wp-content\/uploads\/2021\/11\/best-thank-you-gifts-for-surgeons-300x200.jpg 300w, https:\/\/oolharoftalmologia.com.br\/wp-content\/uploads\/2021\/11\/best-thank-you-gifts-for-surgeons-768x512.jpg 768w, https:\/\/oolharoftalmologia.com.br\/wp-content\/uploads\/2021\/11\/best-thank-you-gifts-for-surgeons-1536x1024.jpg 1536w, https:\/\/oolharoftalmologia.com.br\/wp-content\/uploads\/2021\/11\/best-thank-you-gifts-for-surgeons.jpg 2048w\" sizes=\"(max-width: 1024px) 100vw, 1024px\" \/>\t\t\t\t\t\t\t\t\t\t\t\t\t\t\t<\/div>\n\t\t\t\t<\/div>\n\t\t\t\t\t<\/div>\n\t\t<\/div>\n\t\t\t\t<div class=\"elementor-column elementor-col-50 elementor-top-column elementor-element elementor-element-6bc6bc05\" data-id=\"6bc6bc05\" data-element_type=\"column\">\n\t\t\t<div class=\"elementor-widget-wrap elementor-element-populated\">\n\t\t\t\t\t\t\t\t<div class=\"elementor-element elementor-element-234faed4 elementor-widget elementor-widget-heading\" data-id=\"234faed4\" data-element_type=\"widget\" data-widget_type=\"heading.default\">\n\t\t\t\t<div class=\"elementor-widget-container\">\n\t\t\t<h3 class=\"elementor-heading-title elementor-size-default\">Cirurgias<\/h3>\t\t<\/div>\n\t\t\t\t<\/div>\n\t\t\t\t<div class=\"elementor-element elementor-element-48bc8db2 elementor-widget elementor-widget-text-editor\" data-id=\"48bc8db2\" data-element_type=\"widget\" data-widget_type=\"text-editor.default\">\n\t\t\t\t<div class=\"elementor-widget-container\">\n\t\t\t\t\t\t\t<p style=\"text-align: left;\">&#8211; Transplante de c\u00f3rnea<br \/>&#8211; Catarata<br \/>&#8211; Refrativa para miopia, hipermetropia e astigmatismo<br \/>&#8211; Implante de anel intra-estromal<br \/>&#8211; Implante de lente para alta miopia<br \/>&#8211; Botox<br \/>&#8211; Pter\u00edgio sem ponto com cola biol\u00f3gica<br \/>&#8211; Reconstru\u00e7\u00e3o de vias lacrimais<br \/>&#8211; Aplica\u00e7\u00e3o de Anti-VEGF para o tratamento da DMRI<br \/>&#8211; Retina e V\u00edtreo<br \/>&#8211; Antiglaucomatosas<br \/>&#8211; Crosslinking para ceratocone<br \/>&#8211; Pl\u00e1stica est\u00e9tica e funcional<br \/>&#8211; Blefaroplastia a laser<br \/>&#8211; Estrabismo<\/p>\t\t\t\t\t\t<\/div>\n\t\t\t\t<\/div>\n\t\t\t\t\t<\/div>\n\t\t<\/div>\n\t\t\t\t\t\t\t<\/div>\n\t\t<\/section>\n\t\t\t\t\t\t<\/div>\n\t\t\t\t\t<\/div>\n\t\t","protected":false},"excerpt":{"rendered":"<p>Cirurgias &#8211; Transplante de c\u00f3rnea&#8211; Catarata&#8211; Refrativa para miopia, hipermetropia e astigmatismo&#8211; Implante de anel intra-estromal&#8211; Implante de lente para alta miopia&#8211; Botox&#8211; Pter\u00edgio sem ponto com cola biol\u00f3gica&#8211; Reconstru\u00e7\u00e3o de vias lacrimais&#8211; Aplica\u00e7\u00e3o de Anti-VEGF para o tratamento da DMRI&#8211; Retina e V\u00edtreo&#8211; Antiglaucomatosas&#8211; Crosslinking para ceratocone&#8211; Pl\u00e1stica est\u00e9tica e funcional&#8211; Blefaroplastia a laser&#8211; &hellip;<\/p>\n<p class=\"read-more\"> <a class=\"\" href=\"https:\/\/oolharoftalmologia.com.br\/index.php\/cirurgias\/\"> <span class=\"screen-reader-text\">Cirurgias<\/span> Leia mais &raquo;<\/a><\/p>\n","protected":false},"author":1,"featured_media":0,"parent":0,"menu_order":0,"comment_status":"closed","ping_status":"closed","template":"","meta":{"om_disable_all_campaigns":false,"_monsterinsights_skip_tracking":false,"_monsterinsights_sitenote_active":false,"_monsterinsights_sitenote_note":"","_monsterinsights_sitenote_category":0,"site-sidebar-layout":"no-sidebar","site-content-layout":"page-builder","ast-main-header-display":"","ast-hfb-above-header-display":"","ast-hfb-below-header-display":"","ast-hfb-mobile-header-display":"","site-post-title":"disabled","ast-breadcrumbs-content":"","ast-featured-img":"disabled","footer-sml-layout":"","theme-transparent-header-meta":"","adv-header-id-meta":"","stick-header-meta":"","header-above-stick-meta":"","header-main-stick-meta":"","header-below-stick-meta":""},"_links":{"self":[{"href":"https:\/\/oolharoftalmologia.com.br\/index.php\/wp-json\/wp\/v2\/pages\/873"}],"collection":[{"href":"https:\/\/oolharoftalmologia.com.br\/index.php\/wp-json\/wp\/v2\/pages"}],"about":[{"href":"https:\/\/oolharoftalmologia.com.br\/index.php\/wp-json\/wp\/v2\/types\/page"}],"author":[{"embeddable":true,"href":"https:\/\/oolharoftalmologia.com.br\/index.php\/wp-json\/wp\/v2\/users\/1"}],"replies":[{"embeddable":true,"href":"https:\/\/oolharoftalmologia.com.br\/index.php\/wp-json\/wp\/v2\/comments?post=873"}],"version-history":[{"count":16,"href":"https:\/\/oolharoftalmologia.com.br\/index.php\/wp-json\/wp\/v2\/pages\/873\/revisions"}],"predecessor-version":[{"id":939,"href":"https:\/\/oolharoftalmologia.com.br\/index.php\/wp-json\/wp\/v2\/pages\/873\/revisions\/939"}],"wp:attachment":[{"href":"https:\/\/oolharoftalmologia.com.br\/index.php\/wp-json\/wp\/v2\/media?parent=873"}],"curies":[{"name":"wp","href":"https:\/\/api.w.org\/{rel}","templated":true}]}}